{"id":938,"date":"2016-03-02T18:44:26","date_gmt":"2016-03-02T18:44:26","guid":{"rendered":"http:\/\/ofertasdefabrica.com\/blog\/?product=alarma-inalambrica-gsm-433-mhz"},"modified":"2016-03-02T18:44:26","modified_gmt":"2016-03-02T18:44:26","slug":"alarma-inalambrica-gsm-433-mhz","status":"publish","type":"product","link":"https:\/\/scrub.mx\/?product=alarma-inalambrica-gsm-433-mhz","title":{"rendered":"Alarma Inalambrica desde tu celular vigila tu hogar comercio oficina"},"content":{"rendered":"<p><strong>Manual en Espa\u00f1ol.\u00a0<\/strong><\/p>\n<p>Este sistema GSM con zonas 120wireless y visualizaci\u00f3n del reloj digital, es adecuado tanto para uso dom\u00e9stico y comercial.<\/p>\n<p>Utiliza la tecnolog\u00eda de proceso de se\u00f1al digital avanzada GSM, sistema de alarma inteligente inal\u00e1mbrica GSM. Ha digital de voz, SMS, c\u00f3digo de comunicaci\u00f3n inal\u00e1mbrica de auto-aprendizaje, tecnolog\u00edas de control de aparato y de mensajes de texto a distancia altamente integrado.<\/p>\n<p>Es una opci\u00f3n de la estabilidad, fiabilidad, seguridad y facilidad de uso. Las caracter\u00edsticas son muy pr\u00e1cticos, rentable, configuraci\u00f3n completa y facilidad de uso.<\/p>\n<p>Esta alarma se puede integrar con una gran cantidad de accesorios de alarma incluyendo sensor de puerta, detectores de humo, detectores de gas, botones de emergencia y otros accesorios para la construcci\u00f3n de una instalaci\u00f3n de seguridad de gran alcance.<\/p>\n<p>Ha sido ampliamente utilizado en los hogares, f\u00e1bricas, escuelas, tiendas, tiendas de conveniencia, lugar de trabajo financiero y bancario, un centro comunitario y una zona residencial para proporcionar protecci\u00f3n a los activos valiosos.<\/p>\n<p><strong>caracteristicas:<\/strong><br \/>Reloj digital con funci\u00f3n de dos grupos de alarma, el tiempo opcional.<br \/>red m\u00f3vil GSM de apoyo, proporciona redundancia para una mayor estabilidad.<br \/>Permitir hasta 120 zonas de defensa inal\u00e1mbrica y 2 zonas cableadas.<br \/>Cada uno puede ser definido como uno de los tipos de zona 8, incluyendo NORMAL, estancia, inteligentes, de emergencia, CERRADO, AYUDA MAYOR, RECEPCI\u00d3N y de la campana.<\/p>\n<p>Cuatro conjuntos de brazo programado \/ funci\u00f3n desarmado, cada vez que se seleccione el per\u00edodo de tiempo incluido y diferente zona de la defensa, la eliminaci\u00f3n de la necesidad del procedimiento manual, d\u00e1ndose cuenta de la belleza de los controles autom\u00e1ticos.<br \/>Configuraci\u00f3n de la compatibilidad con el teclado, tel\u00e9fono (auricular) o mensajes SMS a Sistema<\/p>\n<p>n\u00famero 6 grupo de telefon\u00eda alarma por voz para realizar llamadas de alerta, el n\u00famero de tel\u00e9fono 3 Grupo de ayuda de alto nivel, grupo 6 para la mensajer\u00eda SMS, n\u00fameros guardados en el interior EEPROM sin perdidas en caso de fallo de alimentaci\u00f3n.<br \/>Las diferentes zonas se pueden marcar un n\u00famero de tel\u00e9fono pre-establecido.<\/p>\n<p>ISD apoyo buz\u00f3n de voz autom\u00e1tico para la reproducci\u00f3n de mensajes en alerta. La longitud m\u00e1xima del mensaje de voz es de 10 segundos.<br \/>Tel\u00e9fono (tel\u00e9fono) de control de telefon\u00eda de larga distancia para armar, desarmar, el seguimiento, el anuncio a distancia.<\/p>\n<p>1 juego de salidas de se\u00f1al normalmente abierto, rel\u00e9 de salida del acoplamiento, electrodom\u00e9sticos control remoto se puede realizar.<br \/>codificaci\u00f3n estudio inteligente sin hilos, compatibles con PT2262 codificaci\u00f3n normal y una codificaci\u00f3n de 1527, conveniente y flexible para la introducci\u00f3n o la reducci\u00f3n de los accesorios. Ayuda m\u00e1xima 150 mando a distancia y 150 sensores.<\/p>\n<p>\u00danicas caracter\u00edsticas de las cajas negras, que pueden mostrar m\u00e1s reciente 72 registros desarmados y 102 de grabaci\u00f3n de alarma reciente. Con precisi\u00f3n muestra la hora de la alarma y el c\u00f3digo de control.<br \/>Construido en una bater\u00eda recargable Ni-Hi y conmutable de forma autom\u00e1tica en caso de fallo de alimentaci\u00f3n, y la notificaci\u00f3n ser\u00e1 enviada a trav\u00e9s de SMS.<\/p>\n<p>Panel integrado con cuatribanda GSM \/ GPRS m\u00f3dulo graduada industrial, estable y fiable.<br \/>\u00a0<br \/><strong>Paquete incluyendo:\u00a0<\/strong><br \/>1 x alarma GSM<br \/>2 x Control remoto metal<br \/>1 x sensor de puerta \/ ventana<br \/>1 x sensor de infrarrojos<br \/>1 x Sirena atada con alambre<br \/>1 x adaptador de corriente<br \/>1 x Manual del usuario<\/p>\n<p>\u00a0Especificaci\u00f3n del art\u00edculo:<br \/>\u00a0<br \/>\u00a0\u00a0\u00a0\u00a0\u00a0\u00a0\u00a0\u00a0\u00a0\u00a0\u00a0\u00a0\u00a0\u00a0\u00a0\u00a0\u00a0\u00a0\u00a0\u00a0\u00a0\u00a0\u00a0<strong>\u00a0GSM alarma de acogida (con adaptador de energ\u00eda)<\/strong><br \/>AC100-240V de entrada<br \/>Salida de 12V CC-1A<br \/>Corriente espera &lt;25mA<br \/>Alarmante corriente &lt;450mA<br \/>433 MHz de frecuencia inal\u00e1mbrica<br \/>Frecuencia GSM 850\/900\/1800 \/ 1900MHz<br \/>4 clases de enchufe de energ\u00eda de US \/ Euro \/ UK \/ AU Plug, enviaremos hacia fuera el m\u00e1s adecuado que se ajuste a su pa\u00eds.<br \/>Alarma sonoridad 110dB<br \/>Bater\u00eda de respaldo \u00faltimas 5 horas cuando la energ\u00eda cortada<br \/>Sirena s\u00f3lo admiten una sirena con cable o inal\u00e1mbricos m\u00e1s sirenas pero con mismo transmisor<br \/>\u00a0\u00a0\u00a0\u00a0\u00a0\u00a0\u00a0\u00a0\u00a0\u00a0\u00a0\u00a0\u00a0\u00a0\u00a0\u00a0\u00a0\u00a0\u00a0\u00a0\u00a0\u00a0\u00a0\u00a0\u00a0\u00a0\u00a0\u00a0\u00a0\u00a0\u00a0\u00a0\u00a0\u00a0\u00a0\u00a0\u00a0\u00a0\u00a0\u00a0\u00a0Detector de puerta sin hilos<br \/>Fuente de alimentaci\u00f3n DC12V \/ 23A de la bater\u00eda (bater\u00eda incluida)<br \/>Corriente est\u00e1tica \u226420 mA<br \/>Transmisi\u00f3n \u226415mA actual<br \/>Frecuencia de transmisi\u00f3n 433 MHZ<br \/>Distancia de transmisi\u00f3n de unos 30 metros sin barrera<br \/>Distancia interno 10 mm<br \/>Condiciones de trabajo Temperatura -10 degree ~ + 40 grados<br \/>Humedad \u2264 90% de humedad relativa<br \/>Bater\u00eda Tiempo de la vida alrededor de 1 a\u00f1o<br \/>\u00a0\u00a0\u00a0\u00a0\u00a0\u00a0\u00a0\u00a0\u00a0\u00a0\u00a0\u00a0\u00a0\u00a0\u00a0\u00a0\u00a0\u00a0\u00a0\u00a0\u00a0\u00a0\u00a0\u00a0\u00a0\u00a0\u00a0\u00a0\u00a0\u00a0\u00a0\u00a0\u00a0\u00a0\u00a0\u00a0\u00a0\u00a0\u00a0\u00a0\u00a0Detector infrarrojo inal\u00e1mbrico<br \/>Fuente de alimentaci\u00f3n DC9V (6F22) (bater\u00eda incluida)<br \/>Transmisi\u00f3n \u226420mA actual<br \/>Est\u00e1tica \u226410mA actual<br \/>433MHZ Frecuencia inal\u00e1mbrica<br \/>Distancia de transmisi\u00f3n 50m Sobre sin barrera<br \/>Velocidad detective de 0,3 &#8211; 3 m \/ s<br \/>El detective Distancia 5 &#8211; 12m<br \/>El detective rango horizontal 110 \u00b0, vertical 60 \u00b0<br \/>Bater\u00eda Tiempo de la vida alrededor de 6 meses<br \/>Condiciones de trabajo Temperatura -10 degree ~ + 40 grados<br \/>Humedad \u2264 90 hr<br \/>\u00a0\u00a0\u00a0\u00a0\u00a0\u00a0\u00a0\u00a0\u00a0\u00a0\u00a0\u00a0\u00a0\u00a0\u00a0\u00a0\u00a0\u00a0\u00a0\u00a0\u00a0\u00a0\u00a0\u00a0\u00a0\u00a0\u00a0\u00a0\u00a0\u00a0\u00a0\u00a0\u00a0\u00a0\u00a0\u00a0\u00a0\u00a0\u00a0El metal de control remoto (Mandos)<br \/>Fuente de alimentaci\u00f3n DC12V \/ 27A (bater\u00eda incluida)<br \/>Corriente de Emisi\u00f3n \u226415 mA<br \/>Frecuencia de transmisi\u00f3n 433 MHZ<br \/>segunda emisi\u00f3n de velocidad T\u22641<br \/>Distancia de la emisi\u00f3n de unos 20 metros sin barrera<br \/>Condiciones de trabajo Temperatura -10 degree ~ + 40 grados<br \/>Humedad \u2264 90 hr<br \/>Bater\u00eda Tiempo de la vida alrededor de 1 a\u00f1o<\/p>\n","protected":false},"excerpt":{"rendered":"<p>Funciona con el celular o tableta.\u00a0<strong><\/strong><\/p>\n","protected":false},"featured_media":930,"template":"","meta":{"_kad_post_transparent":"","_kad_post_title":"","_kad_post_layout":"","_kad_post_sidebar_id":"","_kad_post_content_style":"","_kad_post_vertical_padding":"","_kad_post_feature":"","_kad_post_feature_position":"","_kad_post_header":false,"_kad_post_footer":false,"_kad_post_classname":"","_joinchat":[]},"product_brand":[],"product_cat":[960],"product_tag":[245,282,290,389,531,580,594,838,879],"class_list":{"0":"post-938","1":"product","2":"type-product","3":"status-publish","4":"has-post-thumbnail","6":"product_cat-alarmas-y-camaras","7":"product_tag-433-mhz","8":"product_tag-alarma","9":"product_tag-androit","10":"product_tag-celular","11":"product_tag-gms","12":"product_tag-inalambrica","13":"product_tag-ipad","14":"product_tag-seguridad","15":"product_tag-tableta","17":"first","18":"outofstock","19":"taxable","20":"shipping-taxable","21":"purchasable","22":"product-type-simple","23":"entry","24":"content-bg","25":"loop-entry"},"supplier_id":null,"supplier_sku":"","barcode":null,"atum_controlled":true,"out_stock_date":null,"out_stock_threshold":null,"inheritable":false,"inbound_stock":null,"stock_on_hold":null,"sold_today":null,"sales_last_days":null,"reserved_stock":null,"customer_returns":null,"warehouse_damage":null,"lost_in_post":null,"other_logs":null,"out_stock_days":null,"lost_sales":null,"has_location":null,"update_date":null,"atum_locations":[],"atum_stock_status":"instock","restock_status":false,"low_stock_amount":"","sales_update_date":null,"calc_backorders":null,"yoast_head":"<!-- This site is optimized with the Yoast SEO plugin v27.3 - https:\/\/yoast.com\/product\/yoast-seo-wordpress\/ -->\n<title>Alarma Inalambrica desde tu celular vigila tu hogar comercio oficina - Uniformes.info<\/title>\n<meta name=\"robots\" content=\"index, follow, max-snippet:-1, max-image-preview:large, max-video-preview:-1\" \/>\n<link rel=\"canonical\" href=\"https:\/\/scrub.mx\/?product=alarma-inalambrica-gsm-433-mhz\" \/>\n<meta property=\"og:locale\" content=\"es_ES\" \/>\n<meta property=\"og:type\" content=\"article\" \/>\n<meta property=\"og:title\" content=\"Alarma Inalambrica desde tu celular vigila tu hogar comercio oficina - Uniformes.info\" \/>\n<meta property=\"og:description\" content=\"Funciona con el celular o tableta.\u00a0\" \/>\n<meta property=\"og:url\" content=\"https:\/\/scrub.mx\/?product=alarma-inalambrica-gsm-433-mhz\" \/>\n<meta property=\"og:site_name\" content=\"Uniformes.info\" \/>\n<meta name=\"twitter:card\" content=\"summary_large_image\" \/>\n<meta name=\"twitter:label1\" content=\"Tiempo de lectura\" \/>\n\t<meta name=\"twitter:data1\" content=\"4 minutos\" \/>\n<script type=\"application\/ld+json\" class=\"yoast-schema-graph\">{\"@context\":\"https:\\\/\\\/schema.org\",\"@graph\":[{\"@type\":\"WebPage\",\"@id\":\"https:\\\/\\\/scrub.mx\\\/?product=alarma-inalambrica-gsm-433-mhz\",\"url\":\"https:\\\/\\\/scrub.mx\\\/?product=alarma-inalambrica-gsm-433-mhz\",\"name\":\"Alarma Inalambrica desde tu celular vigila tu hogar comercio oficina - Uniformes.info\",\"isPartOf\":{\"@id\":\"https:\\\/\\\/scrub.mx\\\/#website\"},\"primaryImageOfPage\":{\"@id\":\"https:\\\/\\\/scrub.mx\\\/?product=alarma-inalambrica-gsm-433-mhz#primaryimage\"},\"image\":{\"@id\":\"https:\\\/\\\/scrub.mx\\\/?product=alarma-inalambrica-gsm-433-mhz#primaryimage\"},\"thumbnailUrl\":\"\",\"datePublished\":\"2016-03-02T18:44:26+00:00\",\"breadcrumb\":{\"@id\":\"https:\\\/\\\/scrub.mx\\\/?product=alarma-inalambrica-gsm-433-mhz#breadcrumb\"},\"inLanguage\":\"es\",\"potentialAction\":[{\"@type\":\"ReadAction\",\"target\":[\"https:\\\/\\\/scrub.mx\\\/?product=alarma-inalambrica-gsm-433-mhz\"]}]},{\"@type\":\"ImageObject\",\"inLanguage\":\"es\",\"@id\":\"https:\\\/\\\/scrub.mx\\\/?product=alarma-inalambrica-gsm-433-mhz#primaryimage\",\"url\":\"\",\"contentUrl\":\"\"},{\"@type\":\"BreadcrumbList\",\"@id\":\"https:\\\/\\\/scrub.mx\\\/?product=alarma-inalambrica-gsm-433-mhz#breadcrumb\",\"itemListElement\":[{\"@type\":\"ListItem\",\"position\":1,\"name\":\"Portada\",\"item\":\"https:\\\/\\\/scrub.mx\\\/\"},{\"@type\":\"ListItem\",\"position\":2,\"name\":\"Scrub.MX\",\"item\":\"https:\\\/\\\/scrub.mx\\\/\"},{\"@type\":\"ListItem\",\"position\":3,\"name\":\"Alarma Inalambrica desde tu celular vigila tu hogar comercio oficina\"}]},{\"@type\":\"WebSite\",\"@id\":\"https:\\\/\\\/scrub.mx\\\/#website\",\"url\":\"https:\\\/\\\/scrub.mx\\\/\",\"name\":\"Scrub.MX\",\"description\":\"Bodega de uniformes y accesorios.\",\"publisher\":{\"@id\":\"https:\\\/\\\/scrub.mx\\\/#organization\"},\"potentialAction\":[{\"@type\":\"SearchAction\",\"target\":{\"@type\":\"EntryPoint\",\"urlTemplate\":\"https:\\\/\\\/scrub.mx\\\/?s={search_term_string}\"},\"query-input\":{\"@type\":\"PropertyValueSpecification\",\"valueRequired\":true,\"valueName\":\"search_term_string\"}}],\"inLanguage\":\"es\"},{\"@type\":\"Organization\",\"@id\":\"https:\\\/\\\/scrub.mx\\\/#organization\",\"name\":\"Uniformes.info\",\"url\":\"https:\\\/\\\/scrub.mx\\\/\",\"logo\":{\"@type\":\"ImageObject\",\"inLanguage\":\"es\",\"@id\":\"https:\\\/\\\/scrub.mx\\\/#\\\/schema\\\/logo\\\/image\\\/\",\"url\":\"https:\\\/\\\/i0.wp.com\\\/scrub.mx\\\/wp-content\\\/uploads\\\/2026\\\/02\\\/was-velika.png?fit=156%2C29&ssl=1\",\"contentUrl\":\"https:\\\/\\\/i0.wp.com\\\/scrub.mx\\\/wp-content\\\/uploads\\\/2026\\\/02\\\/was-velika.png?fit=156%2C29&ssl=1\",\"width\":156,\"height\":29,\"caption\":\"Uniformes.info\"},\"image\":{\"@id\":\"https:\\\/\\\/scrub.mx\\\/#\\\/schema\\\/logo\\\/image\\\/\"}}]}<\/script>\n<!-- \/ Yoast SEO plugin. -->","yoast_head_json":{"title":"Alarma Inalambrica desde tu celular vigila tu hogar comercio oficina - Uniformes.info","robots":{"index":"index","follow":"follow","max-snippet":"max-snippet:-1","max-image-preview":"max-image-preview:large","max-video-preview":"max-video-preview:-1"},"canonical":"https:\/\/scrub.mx\/?product=alarma-inalambrica-gsm-433-mhz","og_locale":"es_ES","og_type":"article","og_title":"Alarma Inalambrica desde tu celular vigila tu hogar comercio oficina - Uniformes.info","og_description":"Funciona con el celular o tableta.\u00a0","og_url":"https:\/\/scrub.mx\/?product=alarma-inalambrica-gsm-433-mhz","og_site_name":"Uniformes.info","twitter_card":"summary_large_image","twitter_misc":{"Tiempo de lectura":"4 minutos"},"schema":{"@context":"https:\/\/schema.org","@graph":[{"@type":"WebPage","@id":"https:\/\/scrub.mx\/?product=alarma-inalambrica-gsm-433-mhz","url":"https:\/\/scrub.mx\/?product=alarma-inalambrica-gsm-433-mhz","name":"Alarma Inalambrica desde tu celular vigila tu hogar comercio oficina - Uniformes.info","isPartOf":{"@id":"https:\/\/scrub.mx\/#website"},"primaryImageOfPage":{"@id":"https:\/\/scrub.mx\/?product=alarma-inalambrica-gsm-433-mhz#primaryimage"},"image":{"@id":"https:\/\/scrub.mx\/?product=alarma-inalambrica-gsm-433-mhz#primaryimage"},"thumbnailUrl":"","datePublished":"2016-03-02T18:44:26+00:00","breadcrumb":{"@id":"https:\/\/scrub.mx\/?product=alarma-inalambrica-gsm-433-mhz#breadcrumb"},"inLanguage":"es","potentialAction":[{"@type":"ReadAction","target":["https:\/\/scrub.mx\/?product=alarma-inalambrica-gsm-433-mhz"]}]},{"@type":"ImageObject","inLanguage":"es","@id":"https:\/\/scrub.mx\/?product=alarma-inalambrica-gsm-433-mhz#primaryimage","url":"","contentUrl":""},{"@type":"BreadcrumbList","@id":"https:\/\/scrub.mx\/?product=alarma-inalambrica-gsm-433-mhz#breadcrumb","itemListElement":[{"@type":"ListItem","position":1,"name":"Portada","item":"https:\/\/scrub.mx\/"},{"@type":"ListItem","position":2,"name":"Scrub.MX","item":"https:\/\/scrub.mx\/"},{"@type":"ListItem","position":3,"name":"Alarma Inalambrica desde tu celular vigila tu hogar comercio oficina"}]},{"@type":"WebSite","@id":"https:\/\/scrub.mx\/#website","url":"https:\/\/scrub.mx\/","name":"Scrub.MX","description":"Bodega de uniformes y accesorios.","publisher":{"@id":"https:\/\/scrub.mx\/#organization"},"potentialAction":[{"@type":"SearchAction","target":{"@type":"EntryPoint","urlTemplate":"https:\/\/scrub.mx\/?s={search_term_string}"},"query-input":{"@type":"PropertyValueSpecification","valueRequired":true,"valueName":"search_term_string"}}],"inLanguage":"es"},{"@type":"Organization","@id":"https:\/\/scrub.mx\/#organization","name":"Uniformes.info","url":"https:\/\/scrub.mx\/","logo":{"@type":"ImageObject","inLanguage":"es","@id":"https:\/\/scrub.mx\/#\/schema\/logo\/image\/","url":"https:\/\/i0.wp.com\/scrub.mx\/wp-content\/uploads\/2026\/02\/was-velika.png?fit=156%2C29&ssl=1","contentUrl":"https:\/\/i0.wp.com\/scrub.mx\/wp-content\/uploads\/2026\/02\/was-velika.png?fit=156%2C29&ssl=1","width":156,"height":29,"caption":"Uniformes.info"},"image":{"@id":"https:\/\/scrub.mx\/#\/schema\/logo\/image\/"}}]}},"jetpack_sharing_enabled":true,"jetpack-related-posts":[],"_links":{"self":[{"href":"https:\/\/scrub.mx\/index.php?rest_route=\/wp\/v2\/product\/938","targetHints":{"allow":["GET"]}}],"collection":[{"href":"https:\/\/scrub.mx\/index.php?rest_route=\/wp\/v2\/product"}],"about":[{"href":"https:\/\/scrub.mx\/index.php?rest_route=\/wp\/v2\/types\/product"}],"wp:featuredmedia":[{"embeddable":true,"href":"https:\/\/scrub.mx\/index.php?rest_route=\/"}],"wp:attachment":[{"href":"https:\/\/scrub.mx\/index.php?rest_route=%2Fwp%2Fv2%2Fmedia&parent=938"}],"wp:term":[{"taxonomy":"product_brand","embeddable":true,"href":"https:\/\/scrub.mx\/index.php?rest_route=%2Fwp%2Fv2%2Fproduct_brand&post=938"},{"taxonomy":"product_cat","embeddable":true,"href":"https:\/\/scrub.mx\/index.php?rest_route=%2Fwp%2Fv2%2Fproduct_cat&post=938"},{"taxonomy":"product_tag","embeddable":true,"href":"https:\/\/scrub.mx\/index.php?rest_route=%2Fwp%2Fv2%2Fproduct_tag&post=938"}],"curies":[{"name":"wp","href":"https:\/\/api.w.org\/{rel}","templated":true}]}}