{"id":625,"date":"2026-03-20T20:49:15","date_gmt":"2026-03-20T20:49:15","guid":{"rendered":"https:\/\/scrub.mx\/?post_type=product&#038;p=625"},"modified":"2026-03-20T20:50:40","modified_gmt":"2026-03-20T20:50:40","slug":"chaleco-repelente-al-agua-pesca-campamento-fotografo-ventilado","status":"publish","type":"product","link":"https:\/\/scrub.mx\/?product=chaleco-repelente-al-agua-pesca-campamento-fotografo-ventilado","title":{"rendered":"Chaleco repelente al agua Pesca Campamento Fotografo Ventilado"},"content":{"rendered":"<p>el chaleco con m\u00e1s de bolsillo de alta calidad<br \/>\nSupplex + material de malla<br \/>\nConstrucci\u00f3n de malla transpirable, c\u00f3modo de llevar<br \/>\nMulti-bolsillos pueden contener casi todo lo necesario para ir de excursi\u00f3n al aire libre, la pesca o la fotograf\u00eda<br \/>\nAnti-Pilling, Anti-Arrugas, transpirable, Eco-Friendly, impermeable<br \/>\nTama\u00f1o: mirar descripci\u00f3n del tama\u00f1o de escritura lable chaleco como \u00e9ste<\/p>\n<p>L = S: Altura: los 51CM del hombro: los 35CM Lap: 51cm * 2<br \/>\nXL = M: Altura: los 54CM del hombro: los 38CM Lap: 59cm * 2<br \/>\nXXL = L: Altura: los 58CM del hombro: los 40CM Lap: 61cm * 2<\/p>\n","protected":false},"excerpt":{"rendered":"<p>el chaleco con m\u00e1s de bolsillo de alta calidad Supplex + material de malla Construcci\u00f3n de malla transpirable, c\u00f3modo de llevar Multi-bolsillos pueden contener casi todo lo necesario para ir de excursi\u00f3n al aire libre, la pesca o la fotograf\u00eda Anti-Pilling, Anti-Arrugas, transpirable, Eco-Friendly, impermeable Tama\u00f1o: mirar descripci\u00f3n del tama\u00f1o de escritura lable chaleco como&#8230;<\/p>\n","protected":false},"featured_media":627,"template":"","meta":{"_kad_post_transparent":"default","_kad_post_title":"","_kad_post_layout":"default","_kad_post_sidebar_id":"","_kad_post_content_style":"default","_kad_post_vertical_padding":"default","_kad_post_feature":"","_kad_post_feature_position":"","_kad_post_header":false,"_kad_post_footer":false,"_kad_post_classname":"","_joinchat":[]},"product_brand":[170],"product_cat":[216,214],"product_tag":[],"class_list":{"0":"post-625","1":"product","2":"type-product","3":"status-publish","4":"has-post-thumbnail","6":"product_brand-uniformes-info","7":"product_cat-chamarra-hombre","8":"product_cat-vestimenta","10":"first","11":"outofstock","12":"sale","13":"taxable","14":"shipping-taxable","15":"purchasable","16":"product-type-simple","17":"entry","18":"content-bg","19":"loop-entry"},"supplier_id":null,"supplier_sku":"","barcode":null,"atum_controlled":true,"out_stock_date":"2026-03-20 20:49:15","out_stock_threshold":null,"inheritable":false,"inbound_stock":0,"stock_on_hold":0,"sold_today":0,"sales_last_days":0,"reserved_stock":0,"customer_returns":0,"warehouse_damage":0,"lost_in_post":0,"other_logs":0,"out_stock_days":50,"lost_sales":0,"has_location":false,"update_date":"2026-05-10T00:20:46","atum_locations":[],"atum_stock_status":"outofstock","restock_status":false,"low_stock_amount":"","sales_update_date":"2026-05-10T00:20:46","calc_backorders":null,"yoast_head":"<!-- This site is optimized with the Yoast SEO plugin v27.5 - https:\/\/yoast.com\/product\/yoast-seo-wordpress\/ -->\n<title>Chaleco repelente al agua Pesca Campamento Fotografo Ventilado - Uniformes.info<\/title>\n<meta name=\"robots\" content=\"index, follow, max-snippet:-1, max-image-preview:large, max-video-preview:-1\" \/>\n<link rel=\"canonical\" href=\"https:\/\/scrub.mx\/?product=chaleco-repelente-al-agua-pesca-campamento-fotografo-ventilado\" \/>\n<meta property=\"og:locale\" content=\"es_ES\" \/>\n<meta property=\"og:type\" content=\"article\" \/>\n<meta property=\"og:title\" content=\"Chaleco repelente al agua Pesca Campamento Fotografo Ventilado - Uniformes.info\" \/>\n<meta property=\"og:description\" content=\"el chaleco con m\u00e1s de bolsillo de alta calidad Supplex + material de malla Construcci\u00f3n de malla transpirable, c\u00f3modo de llevar Multi-bolsillos pueden contener casi todo lo necesario para ir de excursi\u00f3n al aire libre, la pesca o la fotograf\u00eda Anti-Pilling, Anti-Arrugas, transpirable, Eco-Friendly, impermeable Tama\u00f1o: mirar descripci\u00f3n del tama\u00f1o de escritura lable chaleco como...\" \/>\n<meta property=\"og:url\" content=\"https:\/\/scrub.mx\/?product=chaleco-repelente-al-agua-pesca-campamento-fotografo-ventilado\" \/>\n<meta property=\"og:site_name\" content=\"Uniformes.info\" \/>\n<meta property=\"article:modified_time\" content=\"2026-03-20T20:50:40+00:00\" \/>\n<meta property=\"og:image\" content=\"https:\/\/scrub.mx\/wp-content\/uploads\/2026\/03\/chaleco2.jpg\" \/>\n\t<meta property=\"og:image:width\" content=\"619\" \/>\n\t<meta property=\"og:image:height\" content=\"644\" \/>\n\t<meta property=\"og:image:type\" content=\"image\/jpeg\" \/>\n<meta name=\"twitter:card\" content=\"summary_large_image\" \/>\n<meta name=\"twitter:label1\" content=\"Tiempo de lectura\" \/>\n\t<meta name=\"twitter:data1\" content=\"1 minuto\" \/>\n<script type=\"application\/ld+json\" class=\"yoast-schema-graph\">{\"@context\":\"https:\\\/\\\/schema.org\",\"@graph\":[{\"@type\":\"WebPage\",\"@id\":\"https:\\\/\\\/scrub.mx\\\/?product=chaleco-repelente-al-agua-pesca-campamento-fotografo-ventilado\",\"url\":\"https:\\\/\\\/scrub.mx\\\/?product=chaleco-repelente-al-agua-pesca-campamento-fotografo-ventilado\",\"name\":\"Chaleco repelente al agua Pesca Campamento Fotografo Ventilado - Uniformes.info\",\"isPartOf\":{\"@id\":\"https:\\\/\\\/scrub.mx\\\/#website\"},\"primaryImageOfPage\":{\"@id\":\"https:\\\/\\\/scrub.mx\\\/?product=chaleco-repelente-al-agua-pesca-campamento-fotografo-ventilado#primaryimage\"},\"image\":{\"@id\":\"https:\\\/\\\/scrub.mx\\\/?product=chaleco-repelente-al-agua-pesca-campamento-fotografo-ventilado#primaryimage\"},\"thumbnailUrl\":\"https:\\\/\\\/i0.wp.com\\\/scrub.mx\\\/wp-content\\\/uploads\\\/2026\\\/03\\\/chaleco2.jpg?fit=619%2C644&ssl=1\",\"datePublished\":\"2026-03-20T20:49:15+00:00\",\"dateModified\":\"2026-03-20T20:50:40+00:00\",\"breadcrumb\":{\"@id\":\"https:\\\/\\\/scrub.mx\\\/?product=chaleco-repelente-al-agua-pesca-campamento-fotografo-ventilado#breadcrumb\"},\"inLanguage\":\"es\",\"potentialAction\":[{\"@type\":\"ReadAction\",\"target\":[\"https:\\\/\\\/scrub.mx\\\/?product=chaleco-repelente-al-agua-pesca-campamento-fotografo-ventilado\"]}]},{\"@type\":\"ImageObject\",\"inLanguage\":\"es\",\"@id\":\"https:\\\/\\\/scrub.mx\\\/?product=chaleco-repelente-al-agua-pesca-campamento-fotografo-ventilado#primaryimage\",\"url\":\"https:\\\/\\\/i0.wp.com\\\/scrub.mx\\\/wp-content\\\/uploads\\\/2026\\\/03\\\/chaleco2.jpg?fit=619%2C644&ssl=1\",\"contentUrl\":\"https:\\\/\\\/i0.wp.com\\\/scrub.mx\\\/wp-content\\\/uploads\\\/2026\\\/03\\\/chaleco2.jpg?fit=619%2C644&ssl=1\",\"width\":619,\"height\":644},{\"@type\":\"BreadcrumbList\",\"@id\":\"https:\\\/\\\/scrub.mx\\\/?product=chaleco-repelente-al-agua-pesca-campamento-fotografo-ventilado#breadcrumb\",\"itemListElement\":[{\"@type\":\"ListItem\",\"position\":1,\"name\":\"Portada\",\"item\":\"https:\\\/\\\/scrub.mx\\\/\"},{\"@type\":\"ListItem\",\"position\":2,\"name\":\"Scrub.MX\",\"item\":\"https:\\\/\\\/scrub.mx\\\/\"},{\"@type\":\"ListItem\",\"position\":3,\"name\":\"Chaleco repelente al agua Pesca Campamento Fotografo Ventilado\"}]},{\"@type\":\"WebSite\",\"@id\":\"https:\\\/\\\/scrub.mx\\\/#website\",\"url\":\"https:\\\/\\\/scrub.mx\\\/\",\"name\":\"Scrub.MX\",\"description\":\"Bodega de uniformes y accesorios.\",\"publisher\":{\"@id\":\"https:\\\/\\\/scrub.mx\\\/#organization\"},\"potentialAction\":[{\"@type\":\"SearchAction\",\"target\":{\"@type\":\"EntryPoint\",\"urlTemplate\":\"https:\\\/\\\/scrub.mx\\\/?s={search_term_string}\"},\"query-input\":{\"@type\":\"PropertyValueSpecification\",\"valueRequired\":true,\"valueName\":\"search_term_string\"}}],\"inLanguage\":\"es\"},{\"@type\":\"Organization\",\"@id\":\"https:\\\/\\\/scrub.mx\\\/#organization\",\"name\":\"Uniformes.info\",\"url\":\"https:\\\/\\\/scrub.mx\\\/\",\"logo\":{\"@type\":\"ImageObject\",\"inLanguage\":\"es\",\"@id\":\"https:\\\/\\\/scrub.mx\\\/#\\\/schema\\\/logo\\\/image\\\/\",\"url\":\"https:\\\/\\\/i0.wp.com\\\/scrub.mx\\\/wp-content\\\/uploads\\\/2026\\\/02\\\/was-velika.png?fit=156%2C29&ssl=1\",\"contentUrl\":\"https:\\\/\\\/i0.wp.com\\\/scrub.mx\\\/wp-content\\\/uploads\\\/2026\\\/02\\\/was-velika.png?fit=156%2C29&ssl=1\",\"width\":156,\"height\":29,\"caption\":\"Uniformes.info\"},\"image\":{\"@id\":\"https:\\\/\\\/scrub.mx\\\/#\\\/schema\\\/logo\\\/image\\\/\"}}]}<\/script>\n<!-- \/ Yoast SEO plugin. -->","yoast_head_json":{"title":"Chaleco repelente al agua Pesca Campamento Fotografo Ventilado - Uniformes.info","robots":{"index":"index","follow":"follow","max-snippet":"max-snippet:-1","max-image-preview":"max-image-preview:large","max-video-preview":"max-video-preview:-1"},"canonical":"https:\/\/scrub.mx\/?product=chaleco-repelente-al-agua-pesca-campamento-fotografo-ventilado","og_locale":"es_ES","og_type":"article","og_title":"Chaleco repelente al agua Pesca Campamento Fotografo Ventilado - Uniformes.info","og_description":"el chaleco con m\u00e1s de bolsillo de alta calidad Supplex + material de malla Construcci\u00f3n de malla transpirable, c\u00f3modo de llevar Multi-bolsillos pueden contener casi todo lo necesario para ir de excursi\u00f3n al aire libre, la pesca o la fotograf\u00eda Anti-Pilling, Anti-Arrugas, transpirable, Eco-Friendly, impermeable Tama\u00f1o: mirar descripci\u00f3n del tama\u00f1o de escritura lable chaleco como...","og_url":"https:\/\/scrub.mx\/?product=chaleco-repelente-al-agua-pesca-campamento-fotografo-ventilado","og_site_name":"Uniformes.info","article_modified_time":"2026-03-20T20:50:40+00:00","og_image":[{"width":619,"height":644,"url":"https:\/\/scrub.mx\/wp-content\/uploads\/2026\/03\/chaleco2.jpg","type":"image\/jpeg"}],"twitter_card":"summary_large_image","twitter_misc":{"Tiempo de lectura":"1 minuto"},"schema":{"@context":"https:\/\/schema.org","@graph":[{"@type":"WebPage","@id":"https:\/\/scrub.mx\/?product=chaleco-repelente-al-agua-pesca-campamento-fotografo-ventilado","url":"https:\/\/scrub.mx\/?product=chaleco-repelente-al-agua-pesca-campamento-fotografo-ventilado","name":"Chaleco repelente al agua Pesca Campamento Fotografo Ventilado - Uniformes.info","isPartOf":{"@id":"https:\/\/scrub.mx\/#website"},"primaryImageOfPage":{"@id":"https:\/\/scrub.mx\/?product=chaleco-repelente-al-agua-pesca-campamento-fotografo-ventilado#primaryimage"},"image":{"@id":"https:\/\/scrub.mx\/?product=chaleco-repelente-al-agua-pesca-campamento-fotografo-ventilado#primaryimage"},"thumbnailUrl":"https:\/\/i0.wp.com\/scrub.mx\/wp-content\/uploads\/2026\/03\/chaleco2.jpg?fit=619%2C644&ssl=1","datePublished":"2026-03-20T20:49:15+00:00","dateModified":"2026-03-20T20:50:40+00:00","breadcrumb":{"@id":"https:\/\/scrub.mx\/?product=chaleco-repelente-al-agua-pesca-campamento-fotografo-ventilado#breadcrumb"},"inLanguage":"es","potentialAction":[{"@type":"ReadAction","target":["https:\/\/scrub.mx\/?product=chaleco-repelente-al-agua-pesca-campamento-fotografo-ventilado"]}]},{"@type":"ImageObject","inLanguage":"es","@id":"https:\/\/scrub.mx\/?product=chaleco-repelente-al-agua-pesca-campamento-fotografo-ventilado#primaryimage","url":"https:\/\/i0.wp.com\/scrub.mx\/wp-content\/uploads\/2026\/03\/chaleco2.jpg?fit=619%2C644&ssl=1","contentUrl":"https:\/\/i0.wp.com\/scrub.mx\/wp-content\/uploads\/2026\/03\/chaleco2.jpg?fit=619%2C644&ssl=1","width":619,"height":644},{"@type":"BreadcrumbList","@id":"https:\/\/scrub.mx\/?product=chaleco-repelente-al-agua-pesca-campamento-fotografo-ventilado#breadcrumb","itemListElement":[{"@type":"ListItem","position":1,"name":"Portada","item":"https:\/\/scrub.mx\/"},{"@type":"ListItem","position":2,"name":"Scrub.MX","item":"https:\/\/scrub.mx\/"},{"@type":"ListItem","position":3,"name":"Chaleco repelente al agua Pesca Campamento Fotografo Ventilado"}]},{"@type":"WebSite","@id":"https:\/\/scrub.mx\/#website","url":"https:\/\/scrub.mx\/","name":"Scrub.MX","description":"Bodega de uniformes y accesorios.","publisher":{"@id":"https:\/\/scrub.mx\/#organization"},"potentialAction":[{"@type":"SearchAction","target":{"@type":"EntryPoint","urlTemplate":"https:\/\/scrub.mx\/?s={search_term_string}"},"query-input":{"@type":"PropertyValueSpecification","valueRequired":true,"valueName":"search_term_string"}}],"inLanguage":"es"},{"@type":"Organization","@id":"https:\/\/scrub.mx\/#organization","name":"Uniformes.info","url":"https:\/\/scrub.mx\/","logo":{"@type":"ImageObject","inLanguage":"es","@id":"https:\/\/scrub.mx\/#\/schema\/logo\/image\/","url":"https:\/\/i0.wp.com\/scrub.mx\/wp-content\/uploads\/2026\/02\/was-velika.png?fit=156%2C29&ssl=1","contentUrl":"https:\/\/i0.wp.com\/scrub.mx\/wp-content\/uploads\/2026\/02\/was-velika.png?fit=156%2C29&ssl=1","width":156,"height":29,"caption":"Uniformes.info"},"image":{"@id":"https:\/\/scrub.mx\/#\/schema\/logo\/image\/"}}]}},"jetpack_sharing_enabled":true,"jetpack-related-posts":[],"_links":{"self":[{"href":"https:\/\/scrub.mx\/index.php?rest_route=\/wp\/v2\/product\/625","targetHints":{"allow":["GET"]}}],"collection":[{"href":"https:\/\/scrub.mx\/index.php?rest_route=\/wp\/v2\/product"}],"about":[{"href":"https:\/\/scrub.mx\/index.php?rest_route=\/wp\/v2\/types\/product"}],"wp:featuredmedia":[{"embeddable":true,"href":"https:\/\/scrub.mx\/index.php?rest_route=\/wp\/v2\/media\/627"}],"wp:attachment":[{"href":"https:\/\/scrub.mx\/index.php?rest_route=%2Fwp%2Fv2%2Fmedia&parent=625"}],"wp:term":[{"taxonomy":"product_brand","embeddable":true,"href":"https:\/\/scrub.mx\/index.php?rest_route=%2Fwp%2Fv2%2Fproduct_brand&post=625"},{"taxonomy":"product_cat","embeddable":true,"href":"https:\/\/scrub.mx\/index.php?rest_route=%2Fwp%2Fv2%2Fproduct_cat&post=625"},{"taxonomy":"product_tag","embeddable":true,"href":"https:\/\/scrub.mx\/index.php?rest_route=%2Fwp%2Fv2%2Fproduct_tag&post=625"}],"curies":[{"name":"wp","href":"https:\/\/api.w.org\/{rel}","templated":true}]}}