{"id":4651,"date":"2019-05-13T14:30:35","date_gmt":"2019-05-13T19:30:35","guid":{"rendered":"http:\/\/ofertasdefabrica.com\/?post_type=product&amp;p=4651"},"modified":"2019-05-13T14:30:35","modified_gmt":"2019-05-13T19:30:35","slug":"casco-militar-tactico-completo-gotcha-paintball-airsoft-m16","status":"publish","type":"product","link":"https:\/\/scrub.mx\/?product=casco-militar-tactico-completo-gotcha-paintball-airsoft-m16","title":{"rendered":"Casco Militar Tactico Completo Gotcha Paintball Airsoft M16"},"content":{"rendered":"<p>Casco Cara completa Gafas protectoras M\u00e1scara<br \/>\nCasco t\u00e1ctico militar Airsoft Paintball<br \/>\nCasco WarGame CS Tactical Hunting Protect Helmet<\/p>\n<p>Tama\u00f1o: 28 * 33 * 39cm<br \/>\nPeso: 2KG<br \/>\nUnisex: Para hombre y mujer.<br \/>\nEscenas adecuadas: Motocicleta, Actividades t\u00e1cticas, CS.<br \/>\nMaterial: hecho de material de alto pol\u00edmero, con resistencia confiable a la corrosi\u00f3n y deformaci\u00f3n.<br \/>\nCircunferencia de la cabeza adecuada: adecuada para la circunferencia de la cabeza entre 54 y 64 cm<br \/>\nIncluye un casco<\/p>\n","protected":false},"excerpt":{"rendered":"<p>Casco Cara completa Gafas protectoras M\u00e1scara Casco t\u00e1ctico militar Airsoft Paintball Casco WarGame CS Tactical Hunting Protect Helmet Tama\u00f1o: 28 * 33 * 39cm Peso: 2KG Unisex: Para hombre y mujer. Escenas adecuadas: Motocicleta, Actividades t\u00e1cticas, CS. Material: hecho de material de alto pol\u00edmero, con resistencia confiable a la corrosi\u00f3n y deformaci\u00f3n. Circunferencia de la&#8230;<\/p>\n","protected":false},"featured_media":4652,"template":"","meta":{"_kad_post_transparent":"","_kad_post_title":"","_kad_post_layout":"","_kad_post_sidebar_id":"","_kad_post_content_style":"","_kad_post_vertical_padding":"","_kad_post_feature":"","_kad_post_feature_position":"","_kad_post_header":false,"_kad_post_footer":false,"_kad_post_classname":"","_joinchat":[]},"product_brand":[168],"product_cat":[962,884],"product_tag":[384,541,559],"class_list":{"0":"post-4651","1":"product","2":"type-product","3":"status-publish","4":"has-post-thumbnail","6":"product_brand-falcon-1","7":"product_cat-casco-y-lentes","8":"product_cat-tactico","9":"product_tag-casco","10":"product_tag-gotcha","11":"product_tag-helmet","13":"first","14":"instock","15":"taxable","16":"shipping-taxable","17":"purchasable","18":"product-type-simple","19":"entry","20":"content-bg","21":"loop-entry"},"supplier_id":null,"supplier_sku":"","barcode":null,"atum_controlled":true,"out_stock_date":null,"out_stock_threshold":null,"inheritable":false,"inbound_stock":null,"stock_on_hold":null,"sold_today":null,"sales_last_days":null,"reserved_stock":null,"customer_returns":null,"warehouse_damage":null,"lost_in_post":null,"other_logs":null,"out_stock_days":null,"lost_sales":null,"has_location":null,"update_date":null,"atum_locations":[],"atum_stock_status":"instock","restock_status":false,"low_stock_amount":"","sales_update_date":null,"calc_backorders":null,"yoast_head":"<!-- This site is optimized with the Yoast SEO plugin v27.3 - https:\/\/yoast.com\/product\/yoast-seo-wordpress\/ -->\n<title>Casco Militar Tactico Completo Gotcha Paintball Airsoft M16 - Uniformes.info<\/title>\n<meta name=\"robots\" content=\"index, follow, max-snippet:-1, max-image-preview:large, max-video-preview:-1\" \/>\n<link rel=\"canonical\" href=\"https:\/\/scrub.mx\/?product=casco-militar-tactico-completo-gotcha-paintball-airsoft-m16\" \/>\n<meta property=\"og:locale\" content=\"es_ES\" \/>\n<meta property=\"og:type\" content=\"article\" \/>\n<meta property=\"og:title\" content=\"Casco Militar Tactico Completo Gotcha Paintball Airsoft M16 - Uniformes.info\" \/>\n<meta property=\"og:description\" content=\"Casco Cara completa Gafas protectoras M\u00e1scara Casco t\u00e1ctico militar Airsoft Paintball Casco WarGame CS Tactical Hunting Protect Helmet Tama\u00f1o: 28 * 33 * 39cm Peso: 2KG Unisex: Para hombre y mujer. Escenas adecuadas: Motocicleta, Actividades t\u00e1cticas, CS. Material: hecho de material de alto pol\u00edmero, con resistencia confiable a la corrosi\u00f3n y deformaci\u00f3n. Circunferencia de la...\" \/>\n<meta property=\"og:url\" content=\"https:\/\/scrub.mx\/?product=casco-militar-tactico-completo-gotcha-paintball-airsoft-m16\" \/>\n<meta property=\"og:site_name\" content=\"Uniformes.info\" \/>\n<meta name=\"twitter:card\" content=\"summary_large_image\" \/>\n<script type=\"application\/ld+json\" class=\"yoast-schema-graph\">{\"@context\":\"https:\\\/\\\/schema.org\",\"@graph\":[{\"@type\":\"WebPage\",\"@id\":\"https:\\\/\\\/scrub.mx\\\/?product=casco-militar-tactico-completo-gotcha-paintball-airsoft-m16\",\"url\":\"https:\\\/\\\/scrub.mx\\\/?product=casco-militar-tactico-completo-gotcha-paintball-airsoft-m16\",\"name\":\"Casco Militar Tactico Completo Gotcha Paintball Airsoft M16 - Uniformes.info\",\"isPartOf\":{\"@id\":\"https:\\\/\\\/scrub.mx\\\/#website\"},\"primaryImageOfPage\":{\"@id\":\"https:\\\/\\\/scrub.mx\\\/?product=casco-militar-tactico-completo-gotcha-paintball-airsoft-m16#primaryimage\"},\"image\":{\"@id\":\"https:\\\/\\\/scrub.mx\\\/?product=casco-militar-tactico-completo-gotcha-paintball-airsoft-m16#primaryimage\"},\"thumbnailUrl\":\"\",\"datePublished\":\"2019-05-13T19:30:35+00:00\",\"breadcrumb\":{\"@id\":\"https:\\\/\\\/scrub.mx\\\/?product=casco-militar-tactico-completo-gotcha-paintball-airsoft-m16#breadcrumb\"},\"inLanguage\":\"es\",\"potentialAction\":[{\"@type\":\"ReadAction\",\"target\":[\"https:\\\/\\\/scrub.mx\\\/?product=casco-militar-tactico-completo-gotcha-paintball-airsoft-m16\"]}]},{\"@type\":\"ImageObject\",\"inLanguage\":\"es\",\"@id\":\"https:\\\/\\\/scrub.mx\\\/?product=casco-militar-tactico-completo-gotcha-paintball-airsoft-m16#primaryimage\",\"url\":\"\",\"contentUrl\":\"\"},{\"@type\":\"BreadcrumbList\",\"@id\":\"https:\\\/\\\/scrub.mx\\\/?product=casco-militar-tactico-completo-gotcha-paintball-airsoft-m16#breadcrumb\",\"itemListElement\":[{\"@type\":\"ListItem\",\"position\":1,\"name\":\"Portada\",\"item\":\"https:\\\/\\\/scrub.mx\\\/\"},{\"@type\":\"ListItem\",\"position\":2,\"name\":\"Scrub.MX\",\"item\":\"https:\\\/\\\/scrub.mx\\\/\"},{\"@type\":\"ListItem\",\"position\":3,\"name\":\"Casco Militar Tactico Completo Gotcha Paintball Airsoft M16\"}]},{\"@type\":\"WebSite\",\"@id\":\"https:\\\/\\\/scrub.mx\\\/#website\",\"url\":\"https:\\\/\\\/scrub.mx\\\/\",\"name\":\"Scrub.MX\",\"description\":\"Bodega de uniformes y accesorios.\",\"publisher\":{\"@id\":\"https:\\\/\\\/scrub.mx\\\/#organization\"},\"potentialAction\":[{\"@type\":\"SearchAction\",\"target\":{\"@type\":\"EntryPoint\",\"urlTemplate\":\"https:\\\/\\\/scrub.mx\\\/?s={search_term_string}\"},\"query-input\":{\"@type\":\"PropertyValueSpecification\",\"valueRequired\":true,\"valueName\":\"search_term_string\"}}],\"inLanguage\":\"es\"},{\"@type\":\"Organization\",\"@id\":\"https:\\\/\\\/scrub.mx\\\/#organization\",\"name\":\"Uniformes.info\",\"url\":\"https:\\\/\\\/scrub.mx\\\/\",\"logo\":{\"@type\":\"ImageObject\",\"inLanguage\":\"es\",\"@id\":\"https:\\\/\\\/scrub.mx\\\/#\\\/schema\\\/logo\\\/image\\\/\",\"url\":\"https:\\\/\\\/i0.wp.com\\\/scrub.mx\\\/wp-content\\\/uploads\\\/2026\\\/02\\\/was-velika.png?fit=156%2C29&ssl=1\",\"contentUrl\":\"https:\\\/\\\/i0.wp.com\\\/scrub.mx\\\/wp-content\\\/uploads\\\/2026\\\/02\\\/was-velika.png?fit=156%2C29&ssl=1\",\"width\":156,\"height\":29,\"caption\":\"Uniformes.info\"},\"image\":{\"@id\":\"https:\\\/\\\/scrub.mx\\\/#\\\/schema\\\/logo\\\/image\\\/\"}}]}<\/script>\n<!-- \/ Yoast SEO plugin. -->","yoast_head_json":{"title":"Casco Militar Tactico Completo Gotcha Paintball Airsoft M16 - Uniformes.info","robots":{"index":"index","follow":"follow","max-snippet":"max-snippet:-1","max-image-preview":"max-image-preview:large","max-video-preview":"max-video-preview:-1"},"canonical":"https:\/\/scrub.mx\/?product=casco-militar-tactico-completo-gotcha-paintball-airsoft-m16","og_locale":"es_ES","og_type":"article","og_title":"Casco Militar Tactico Completo Gotcha Paintball Airsoft M16 - Uniformes.info","og_description":"Casco Cara completa Gafas protectoras M\u00e1scara Casco t\u00e1ctico militar Airsoft Paintball Casco WarGame CS Tactical Hunting Protect Helmet Tama\u00f1o: 28 * 33 * 39cm Peso: 2KG Unisex: Para hombre y mujer. Escenas adecuadas: Motocicleta, Actividades t\u00e1cticas, CS. Material: hecho de material de alto pol\u00edmero, con resistencia confiable a la corrosi\u00f3n y deformaci\u00f3n. Circunferencia de la...","og_url":"https:\/\/scrub.mx\/?product=casco-militar-tactico-completo-gotcha-paintball-airsoft-m16","og_site_name":"Uniformes.info","twitter_card":"summary_large_image","schema":{"@context":"https:\/\/schema.org","@graph":[{"@type":"WebPage","@id":"https:\/\/scrub.mx\/?product=casco-militar-tactico-completo-gotcha-paintball-airsoft-m16","url":"https:\/\/scrub.mx\/?product=casco-militar-tactico-completo-gotcha-paintball-airsoft-m16","name":"Casco Militar Tactico Completo Gotcha Paintball Airsoft M16 - Uniformes.info","isPartOf":{"@id":"https:\/\/scrub.mx\/#website"},"primaryImageOfPage":{"@id":"https:\/\/scrub.mx\/?product=casco-militar-tactico-completo-gotcha-paintball-airsoft-m16#primaryimage"},"image":{"@id":"https:\/\/scrub.mx\/?product=casco-militar-tactico-completo-gotcha-paintball-airsoft-m16#primaryimage"},"thumbnailUrl":"","datePublished":"2019-05-13T19:30:35+00:00","breadcrumb":{"@id":"https:\/\/scrub.mx\/?product=casco-militar-tactico-completo-gotcha-paintball-airsoft-m16#breadcrumb"},"inLanguage":"es","potentialAction":[{"@type":"ReadAction","target":["https:\/\/scrub.mx\/?product=casco-militar-tactico-completo-gotcha-paintball-airsoft-m16"]}]},{"@type":"ImageObject","inLanguage":"es","@id":"https:\/\/scrub.mx\/?product=casco-militar-tactico-completo-gotcha-paintball-airsoft-m16#primaryimage","url":"","contentUrl":""},{"@type":"BreadcrumbList","@id":"https:\/\/scrub.mx\/?product=casco-militar-tactico-completo-gotcha-paintball-airsoft-m16#breadcrumb","itemListElement":[{"@type":"ListItem","position":1,"name":"Portada","item":"https:\/\/scrub.mx\/"},{"@type":"ListItem","position":2,"name":"Scrub.MX","item":"https:\/\/scrub.mx\/"},{"@type":"ListItem","position":3,"name":"Casco Militar Tactico Completo Gotcha Paintball Airsoft M16"}]},{"@type":"WebSite","@id":"https:\/\/scrub.mx\/#website","url":"https:\/\/scrub.mx\/","name":"Scrub.MX","description":"Bodega de uniformes y accesorios.","publisher":{"@id":"https:\/\/scrub.mx\/#organization"},"potentialAction":[{"@type":"SearchAction","target":{"@type":"EntryPoint","urlTemplate":"https:\/\/scrub.mx\/?s={search_term_string}"},"query-input":{"@type":"PropertyValueSpecification","valueRequired":true,"valueName":"search_term_string"}}],"inLanguage":"es"},{"@type":"Organization","@id":"https:\/\/scrub.mx\/#organization","name":"Uniformes.info","url":"https:\/\/scrub.mx\/","logo":{"@type":"ImageObject","inLanguage":"es","@id":"https:\/\/scrub.mx\/#\/schema\/logo\/image\/","url":"https:\/\/i0.wp.com\/scrub.mx\/wp-content\/uploads\/2026\/02\/was-velika.png?fit=156%2C29&ssl=1","contentUrl":"https:\/\/i0.wp.com\/scrub.mx\/wp-content\/uploads\/2026\/02\/was-velika.png?fit=156%2C29&ssl=1","width":156,"height":29,"caption":"Uniformes.info"},"image":{"@id":"https:\/\/scrub.mx\/#\/schema\/logo\/image\/"}}]}},"jetpack_sharing_enabled":true,"jetpack-related-posts":[],"_links":{"self":[{"href":"https:\/\/scrub.mx\/index.php?rest_route=\/wp\/v2\/product\/4651","targetHints":{"allow":["GET"]}}],"collection":[{"href":"https:\/\/scrub.mx\/index.php?rest_route=\/wp\/v2\/product"}],"about":[{"href":"https:\/\/scrub.mx\/index.php?rest_route=\/wp\/v2\/types\/product"}],"wp:featuredmedia":[{"embeddable":true,"href":"https:\/\/scrub.mx\/index.php?rest_route=\/"}],"wp:attachment":[{"href":"https:\/\/scrub.mx\/index.php?rest_route=%2Fwp%2Fv2%2Fmedia&parent=4651"}],"wp:term":[{"taxonomy":"product_brand","embeddable":true,"href":"https:\/\/scrub.mx\/index.php?rest_route=%2Fwp%2Fv2%2Fproduct_brand&post=4651"},{"taxonomy":"product_cat","embeddable":true,"href":"https:\/\/scrub.mx\/index.php?rest_route=%2Fwp%2Fv2%2Fproduct_cat&post=4651"},{"taxonomy":"product_tag","embeddable":true,"href":"https:\/\/scrub.mx\/index.php?rest_route=%2Fwp%2Fv2%2Fproduct_tag&post=4651"}],"curies":[{"name":"wp","href":"https:\/\/api.w.org\/{rel}","templated":true}]}}