{"id":3398,"date":"2017-07-11T20:18:18","date_gmt":"2017-07-11T20:18:18","guid":{"rendered":"http:\/\/ofertasdefabrica.com\/?post_type=product&amp;p=3398"},"modified":"2017-07-11T20:18:18","modified_gmt":"2017-07-11T20:18:18","slug":"kit-de-4-camaras-para-interior-con-grabador","status":"publish","type":"product","link":"https:\/\/scrub.mx\/?product=kit-de-4-camaras-para-interior-con-grabador","title":{"rendered":"kit de 4 camaras para interior con grabador"},"content":{"rendered":"<p>Sistema de camaras y grabador,<\/p>\n<p>No incluye cables ni eliminadores.<\/p>\n<p>Lista de empaque:<br \/>\n1. 4 CH AHDL DVR x1<br \/>\n2. C\u00e1maras domo 700TVL x 4<br \/>\n3. Rat\u00f3n USB para DVR x 1<br \/>\n4. Adaptador de energ\u00eda Eu para DVR x 1<br \/>\n5. Manual del usuario x 1<br \/>\nHDD no se incluye,<\/p>\n<hr \/>\n<p>Salida de la ayuda VGA;<br \/>\nAlerta por correo electr\u00f3nico;<br \/>\nSoporta varios monitoreo m\u00f3vil (iPhone, Android, Windows Mobile, BlackBerry, Symbian)<br \/>\nSoporta varios navegadores de red (IE, Chrome, Firefox, Safari)<br \/>\nApoyo a m\u00e1s de 20 idiomas: Ingl\u00e9s, finland\u00e9s, franc\u00e9s, alem\u00e1n, griego, italiano, japon\u00e9s, polaco, portugu\u00e9s, ruso, espa\u00f1ol, tailand\u00e9s, chino, chino tradicional, turco y as\u00ed sucesivamente.<br \/>\nProtecci\u00f3n perfecta del circuito, funci\u00f3n triple \u00fanica del perro guardi\u00e1n.<br \/>\nSoporte 2 USB2.0 interfaz, para lograr el rat\u00f3n USB, copia de seguridad, quemar, actualizaciones y otras operaciones de forma estable.<br \/>\nCliente web de soporte, cliente independiente<br \/>\nApoyo a la nube P2P (xmeye.net), no hay necesidad de hacer router mapeo, s\u00f3lo un paso ir a Internet con la tecnolog\u00eda de la nube P2P<br \/>\nSoporta Onvif en modo de red<\/p>\n<hr \/>\n<p>&nbsp;<\/p>\n<table border=\"0\" cellspacing=\"1\" cellpadding=\"0\" align=\"center\">\n<tbody>\n<tr>\n<td><strong>Camera<\/strong><\/td>\n<\/tr>\n<\/tbody>\n<\/table>\n<table border=\"0\" cellspacing=\"0\" cellpadding=\"0\" align=\"center\">\n<tbody>\n<tr>\n<td>Image Sensor:<\/td>\n<td>1\/4&#8243; High Sensitivity CMOS<\/td>\n<\/tr>\n<tr>\n<td>Video articulation:<\/td>\n<td>700TVL Resolution<\/td>\n<\/tr>\n<tr>\n<td>Day and Night Function:<\/td>\n<td>IR-CUT Switch<\/td>\n<\/tr>\n<tr>\n<td>Lens:<\/td>\n<td>Standard 3.6mm (6mm Optional)2.0mp Lens<\/td>\n<\/tr>\n<tr>\n<td>Infrared LED:<\/td>\n<td>24pcs TYNTEK F5 12mil LED<\/td>\n<\/tr>\n<tr>\n<td>IR Distance:<\/td>\n<td>10-25 Meters<\/td>\n<\/tr>\n<tr>\n<td>Noise-signal Ratio:<\/td>\n<td>&gt;52dB<\/td>\n<\/tr>\n<tr>\n<td>Temperature and Humidity:<\/td>\n<td>&#8211; 10 \u2103 ~ 60 \u2103, humidity is less than 90% (no condensation)<\/td>\n<\/tr>\n<tr>\n<td>Power Supply:<\/td>\n<td>DC 12V<\/td>\n<\/tr>\n<tr>\n<td>Consumption:<\/td>\n<td>&lt;8W<\/td>\n<\/tr>\n<tr>\n<td>Shell Materia:<\/td>\n<td>ABS Plastic<\/td>\n<\/tr>\n<tr>\n<td>Weight:<\/td>\n<td>0.25kg about<\/td>\n<\/tr>\n<\/tbody>\n<\/table>\n<p>&nbsp;<\/p>\n<p>Grabador<\/p>\n<table border=\"0\" width=\"100%\" cellspacing=\"0\" cellpadding=\"0\" align=\"center\">\n<tbody>\n<tr>\n<td>System<\/td>\n<td>\n<table border=\"0\" cellspacing=\"0\" cellpadding=\"0\" align=\"center\">\n<tbody>\n<tr>\n<td>Main processor<\/td>\n<td>Hi3520D<\/td>\n<\/tr>\n<\/tbody>\n<\/table>\n<\/td>\n<\/tr>\n<tr>\n<td>Video<\/td>\n<td>\n<table border=\"0\" cellspacing=\"0\" cellpadding=\"0\" align=\"center\">\n<tbody>\n<tr>\n<td>Video compression<\/td>\n<td>H.264(High Profile)<\/td>\n<\/tr>\n<tr>\n<td>Encode capacity<\/td>\n<td>4*1080N@25fps<\/td>\n<\/tr>\n<tr>\n<td>Decode capacity<\/td>\n<td>1*1080N@25fps<\/td>\n<\/tr>\n<tr>\n<td>Multi-mode input<\/td>\n<td>analog: 4*1080N\/4*720P\/4*960H<br \/>\nanalog + network: 2*720P(analog)+2*720P(network)<br \/>\npure network:8*1080P \/12*960P\/8*720P<\/td>\n<\/tr>\n<tr>\n<td>Motion Detection<\/td>\n<td>Each screen can be set to 192 (16 * 12) detection areas; multi-level sensitivity can be set (Limited local channel)<\/td>\n<\/tr>\n<\/tbody>\n<\/table>\n<\/td>\n<\/tr>\n<tr>\n<td>Audio<\/td>\n<td>\n<table border=\"0\" cellspacing=\"0\" cellpadding=\"0\" align=\"center\">\n<tbody>\n<tr>\n<td>Audio compression<\/td>\n<td>G.711A<\/td>\n<\/tr>\n<tr>\n<td>Intercom<\/td>\n<td>support<\/td>\n<\/tr>\n<\/tbody>\n<\/table>\n<\/td>\n<\/tr>\n<tr>\n<td>Record &amp; playback<\/td>\n<td>\n<table border=\"0\" cellspacing=\"0\" cellpadding=\"0\" align=\"center\">\n<tbody>\n<tr>\n<td>Record mode<\/td>\n<td>manual&gt;alarm&gt;motion detection&gt;timing<\/td>\n<\/tr>\n<tr>\n<td>Local Playback<\/td>\n<td>4ch(analog input mode)<\/td>\n<\/tr>\n<\/tbody>\n<\/table>\n<\/td>\n<\/tr>\n<tr>\n<td>Storage &amp; backup<\/td>\n<td>\n<table border=\"0\" cellspacing=\"0\" cellpadding=\"0\" align=\"center\">\n<tbody>\n<tr>\n<td>Space occupation<\/td>\n<td>Video:1080P 30~ 40G \/ day*channel; 720P 20~ 30G \/ day* channel; 960H 12 ~ 20G \/ day * channel; Audio: 691.2M \/ day * channel<\/td>\n<\/tr>\n<tr>\n<td>Backup mode<\/td>\n<td>Network, U-disk, USB burner, SATA burner<\/td>\n<\/tr>\n<\/tbody>\n<\/table>\n<\/td>\n<\/tr>\n<tr>\n<td>Interface<\/td>\n<td>\n<table border=\"0\" cellspacing=\"0\" cellpadding=\"0\" align=\"center\">\n<tbody>\n<tr>\n<td>Video input<\/td>\n<td>4ch BNC<\/td>\n<\/tr>\n<tr>\n<td>Video output<\/td>\n<td>1ch VGA, 1ch HDMI<\/td>\n<\/tr>\n<tr>\n<td>Audio input<\/td>\n<td>1ch RCA<\/td>\n<\/tr>\n<tr>\n<td>Audio output<\/td>\n<td>1ch RCA<\/td>\n<\/tr>\n<tr>\n<td>Alarm input<\/td>\n<td>0<\/td>\n<\/tr>\n<tr>\n<td>Alarm output<\/td>\n<td>0<\/td>\n<\/tr>\n<tr>\n<td>Network interface<\/td>\n<td>RJ45 10M\/100M<\/td>\n<\/tr>\n<tr>\n<td>USB<\/td>\n<td>2* USB 2.0<\/td>\n<\/tr>\n<tr>\n<td>HDD<\/td>\n<td>1*SATA port (Max 6TB\/per)<\/td>\n<\/tr>\n<tr>\n<td>Wireless<\/td>\n<td>3G,WIFI(extend via USB)<\/td>\n<\/tr>\n<\/tbody>\n<\/table>\n<\/td>\n<\/tr>\n<tr>\n<td>Other<\/td>\n<td>\n<table border=\"0\" cellspacing=\"0\" cellpadding=\"0\" align=\"center\">\n<tbody>\n<tr>\n<td>Power supply<\/td>\n<td>DC12V\/2A<\/td>\n<\/tr>\n<tr>\n<td>Working environment<\/td>\n<td>Temperature:: -10 C ~ 55 C,Humidity:10%\u201490%\uff0cAtm:86kpa\u2014106kpa<\/td>\n<\/tr>\n<\/tbody>\n<\/table>\n<\/td>\n<\/tr>\n<\/tbody>\n<\/table>\n","protected":false},"excerpt":{"rendered":"<p>Sistema de camaras y grabador, No incluye cables ni eliminadores. Lista de empaque: 1. 4 CH AHDL DVR x1 2. C\u00e1maras domo 700TVL x 4 3. Rat\u00f3n USB para DVR x 1 4. Adaptador de energ\u00eda Eu para DVR x 1 5. Manual del usuario x 1 HDD no se incluye, Salida de la ayuda&#8230;<\/p>\n","protected":false},"featured_media":3406,"template":"","meta":{"_kad_post_transparent":"","_kad_post_title":"","_kad_post_layout":"","_kad_post_sidebar_id":"","_kad_post_content_style":"","_kad_post_vertical_padding":"","_kad_post_feature":"","_kad_post_feature_position":"","_kad_post_header":false,"_kad_post_footer":false,"_kad_post_classname":"","_joinchat":[]},"product_brand":[],"product_cat":[960],"product_tag":[364,388,404],"class_list":{"0":"post-3398","1":"product","2":"type-product","3":"status-publish","4":"has-post-thumbnail","6":"product_cat-alarmas-y-camaras","7":"product_tag-camara","8":"product_tag-cctv","9":"product_tag-cicuito-cerrado","11":"first","12":"instock","13":"sale","14":"taxable","15":"shipping-taxable","16":"purchasable","17":"product-type-simple","18":"entry","19":"content-bg","20":"loop-entry"},"supplier_id":null,"supplier_sku":"","barcode":null,"atum_controlled":true,"out_stock_date":null,"out_stock_threshold":null,"inheritable":false,"inbound_stock":null,"stock_on_hold":null,"sold_today":null,"sales_last_days":null,"reserved_stock":null,"customer_returns":null,"warehouse_damage":null,"lost_in_post":null,"other_logs":null,"out_stock_days":null,"lost_sales":null,"has_location":null,"update_date":null,"atum_locations":[],"atum_stock_status":"instock","restock_status":false,"low_stock_amount":"","sales_update_date":null,"calc_backorders":null,"yoast_head":"<!-- This site is optimized with the Yoast SEO plugin v27.3 - https:\/\/yoast.com\/product\/yoast-seo-wordpress\/ -->\n<title>kit de 4 camaras para interior con grabador - Uniformes.info<\/title>\n<meta name=\"robots\" content=\"index, follow, max-snippet:-1, max-image-preview:large, max-video-preview:-1\" \/>\n<link rel=\"canonical\" href=\"https:\/\/scrub.mx\/?product=kit-de-4-camaras-para-interior-con-grabador\" \/>\n<meta property=\"og:locale\" content=\"es_ES\" \/>\n<meta property=\"og:type\" content=\"article\" \/>\n<meta property=\"og:title\" content=\"kit de 4 camaras para interior con grabador - Uniformes.info\" \/>\n<meta property=\"og:description\" content=\"Sistema de camaras y grabador, No incluye cables ni eliminadores. Lista de empaque: 1. 4 CH AHDL DVR x1 2. C\u00e1maras domo 700TVL x 4 3. Rat\u00f3n USB para DVR x 1 4. Adaptador de energ\u00eda Eu para DVR x 1 5. Manual del usuario x 1 HDD no se incluye, Salida de la ayuda...\" \/>\n<meta property=\"og:url\" content=\"https:\/\/scrub.mx\/?product=kit-de-4-camaras-para-interior-con-grabador\" \/>\n<meta property=\"og:site_name\" content=\"Uniformes.info\" \/>\n<meta name=\"twitter:card\" content=\"summary_large_image\" \/>\n<meta name=\"twitter:label1\" content=\"Tiempo de lectura\" \/>\n\t<meta name=\"twitter:data1\" content=\"2 minutos\" \/>\n<script type=\"application\/ld+json\" class=\"yoast-schema-graph\">{\"@context\":\"https:\\\/\\\/schema.org\",\"@graph\":[{\"@type\":\"WebPage\",\"@id\":\"https:\\\/\\\/scrub.mx\\\/?product=kit-de-4-camaras-para-interior-con-grabador\",\"url\":\"https:\\\/\\\/scrub.mx\\\/?product=kit-de-4-camaras-para-interior-con-grabador\",\"name\":\"kit de 4 camaras para interior con grabador - Uniformes.info\",\"isPartOf\":{\"@id\":\"https:\\\/\\\/scrub.mx\\\/#website\"},\"primaryImageOfPage\":{\"@id\":\"https:\\\/\\\/scrub.mx\\\/?product=kit-de-4-camaras-para-interior-con-grabador#primaryimage\"},\"image\":{\"@id\":\"https:\\\/\\\/scrub.mx\\\/?product=kit-de-4-camaras-para-interior-con-grabador#primaryimage\"},\"thumbnailUrl\":\"\",\"datePublished\":\"2017-07-11T20:18:18+00:00\",\"breadcrumb\":{\"@id\":\"https:\\\/\\\/scrub.mx\\\/?product=kit-de-4-camaras-para-interior-con-grabador#breadcrumb\"},\"inLanguage\":\"es\",\"potentialAction\":[{\"@type\":\"ReadAction\",\"target\":[\"https:\\\/\\\/scrub.mx\\\/?product=kit-de-4-camaras-para-interior-con-grabador\"]}]},{\"@type\":\"ImageObject\",\"inLanguage\":\"es\",\"@id\":\"https:\\\/\\\/scrub.mx\\\/?product=kit-de-4-camaras-para-interior-con-grabador#primaryimage\",\"url\":\"\",\"contentUrl\":\"\"},{\"@type\":\"BreadcrumbList\",\"@id\":\"https:\\\/\\\/scrub.mx\\\/?product=kit-de-4-camaras-para-interior-con-grabador#breadcrumb\",\"itemListElement\":[{\"@type\":\"ListItem\",\"position\":1,\"name\":\"Portada\",\"item\":\"https:\\\/\\\/scrub.mx\\\/\"},{\"@type\":\"ListItem\",\"position\":2,\"name\":\"Scrub.MX\",\"item\":\"https:\\\/\\\/scrub.mx\\\/\"},{\"@type\":\"ListItem\",\"position\":3,\"name\":\"kit de 4 camaras para interior con grabador\"}]},{\"@type\":\"WebSite\",\"@id\":\"https:\\\/\\\/scrub.mx\\\/#website\",\"url\":\"https:\\\/\\\/scrub.mx\\\/\",\"name\":\"Scrub.MX\",\"description\":\"Bodega de uniformes y accesorios.\",\"publisher\":{\"@id\":\"https:\\\/\\\/scrub.mx\\\/#organization\"},\"potentialAction\":[{\"@type\":\"SearchAction\",\"target\":{\"@type\":\"EntryPoint\",\"urlTemplate\":\"https:\\\/\\\/scrub.mx\\\/?s={search_term_string}\"},\"query-input\":{\"@type\":\"PropertyValueSpecification\",\"valueRequired\":true,\"valueName\":\"search_term_string\"}}],\"inLanguage\":\"es\"},{\"@type\":\"Organization\",\"@id\":\"https:\\\/\\\/scrub.mx\\\/#organization\",\"name\":\"Uniformes.info\",\"url\":\"https:\\\/\\\/scrub.mx\\\/\",\"logo\":{\"@type\":\"ImageObject\",\"inLanguage\":\"es\",\"@id\":\"https:\\\/\\\/scrub.mx\\\/#\\\/schema\\\/logo\\\/image\\\/\",\"url\":\"https:\\\/\\\/i0.wp.com\\\/scrub.mx\\\/wp-content\\\/uploads\\\/2026\\\/02\\\/was-velika.png?fit=156%2C29&ssl=1\",\"contentUrl\":\"https:\\\/\\\/i0.wp.com\\\/scrub.mx\\\/wp-content\\\/uploads\\\/2026\\\/02\\\/was-velika.png?fit=156%2C29&ssl=1\",\"width\":156,\"height\":29,\"caption\":\"Uniformes.info\"},\"image\":{\"@id\":\"https:\\\/\\\/scrub.mx\\\/#\\\/schema\\\/logo\\\/image\\\/\"}}]}<\/script>\n<!-- \/ Yoast SEO plugin. -->","yoast_head_json":{"title":"kit de 4 camaras para interior con grabador - Uniformes.info","robots":{"index":"index","follow":"follow","max-snippet":"max-snippet:-1","max-image-preview":"max-image-preview:large","max-video-preview":"max-video-preview:-1"},"canonical":"https:\/\/scrub.mx\/?product=kit-de-4-camaras-para-interior-con-grabador","og_locale":"es_ES","og_type":"article","og_title":"kit de 4 camaras para interior con grabador - Uniformes.info","og_description":"Sistema de camaras y grabador, No incluye cables ni eliminadores. Lista de empaque: 1. 4 CH AHDL DVR x1 2. C\u00e1maras domo 700TVL x 4 3. Rat\u00f3n USB para DVR x 1 4. Adaptador de energ\u00eda Eu para DVR x 1 5. Manual del usuario x 1 HDD no se incluye, Salida de la ayuda...","og_url":"https:\/\/scrub.mx\/?product=kit-de-4-camaras-para-interior-con-grabador","og_site_name":"Uniformes.info","twitter_card":"summary_large_image","twitter_misc":{"Tiempo de lectura":"2 minutos"},"schema":{"@context":"https:\/\/schema.org","@graph":[{"@type":"WebPage","@id":"https:\/\/scrub.mx\/?product=kit-de-4-camaras-para-interior-con-grabador","url":"https:\/\/scrub.mx\/?product=kit-de-4-camaras-para-interior-con-grabador","name":"kit de 4 camaras para interior con grabador - Uniformes.info","isPartOf":{"@id":"https:\/\/scrub.mx\/#website"},"primaryImageOfPage":{"@id":"https:\/\/scrub.mx\/?product=kit-de-4-camaras-para-interior-con-grabador#primaryimage"},"image":{"@id":"https:\/\/scrub.mx\/?product=kit-de-4-camaras-para-interior-con-grabador#primaryimage"},"thumbnailUrl":"","datePublished":"2017-07-11T20:18:18+00:00","breadcrumb":{"@id":"https:\/\/scrub.mx\/?product=kit-de-4-camaras-para-interior-con-grabador#breadcrumb"},"inLanguage":"es","potentialAction":[{"@type":"ReadAction","target":["https:\/\/scrub.mx\/?product=kit-de-4-camaras-para-interior-con-grabador"]}]},{"@type":"ImageObject","inLanguage":"es","@id":"https:\/\/scrub.mx\/?product=kit-de-4-camaras-para-interior-con-grabador#primaryimage","url":"","contentUrl":""},{"@type":"BreadcrumbList","@id":"https:\/\/scrub.mx\/?product=kit-de-4-camaras-para-interior-con-grabador#breadcrumb","itemListElement":[{"@type":"ListItem","position":1,"name":"Portada","item":"https:\/\/scrub.mx\/"},{"@type":"ListItem","position":2,"name":"Scrub.MX","item":"https:\/\/scrub.mx\/"},{"@type":"ListItem","position":3,"name":"kit de 4 camaras para interior con grabador"}]},{"@type":"WebSite","@id":"https:\/\/scrub.mx\/#website","url":"https:\/\/scrub.mx\/","name":"Scrub.MX","description":"Bodega de uniformes y accesorios.","publisher":{"@id":"https:\/\/scrub.mx\/#organization"},"potentialAction":[{"@type":"SearchAction","target":{"@type":"EntryPoint","urlTemplate":"https:\/\/scrub.mx\/?s={search_term_string}"},"query-input":{"@type":"PropertyValueSpecification","valueRequired":true,"valueName":"search_term_string"}}],"inLanguage":"es"},{"@type":"Organization","@id":"https:\/\/scrub.mx\/#organization","name":"Uniformes.info","url":"https:\/\/scrub.mx\/","logo":{"@type":"ImageObject","inLanguage":"es","@id":"https:\/\/scrub.mx\/#\/schema\/logo\/image\/","url":"https:\/\/i0.wp.com\/scrub.mx\/wp-content\/uploads\/2026\/02\/was-velika.png?fit=156%2C29&ssl=1","contentUrl":"https:\/\/i0.wp.com\/scrub.mx\/wp-content\/uploads\/2026\/02\/was-velika.png?fit=156%2C29&ssl=1","width":156,"height":29,"caption":"Uniformes.info"},"image":{"@id":"https:\/\/scrub.mx\/#\/schema\/logo\/image\/"}}]}},"jetpack_sharing_enabled":true,"jetpack-related-posts":[],"_links":{"self":[{"href":"https:\/\/scrub.mx\/index.php?rest_route=\/wp\/v2\/product\/3398","targetHints":{"allow":["GET"]}}],"collection":[{"href":"https:\/\/scrub.mx\/index.php?rest_route=\/wp\/v2\/product"}],"about":[{"href":"https:\/\/scrub.mx\/index.php?rest_route=\/wp\/v2\/types\/product"}],"wp:featuredmedia":[{"embeddable":true,"href":"https:\/\/scrub.mx\/index.php?rest_route=\/"}],"wp:attachment":[{"href":"https:\/\/scrub.mx\/index.php?rest_route=%2Fwp%2Fv2%2Fmedia&parent=3398"}],"wp:term":[{"taxonomy":"product_brand","embeddable":true,"href":"https:\/\/scrub.mx\/index.php?rest_route=%2Fwp%2Fv2%2Fproduct_brand&post=3398"},{"taxonomy":"product_cat","embeddable":true,"href":"https:\/\/scrub.mx\/index.php?rest_route=%2Fwp%2Fv2%2Fproduct_cat&post=3398"},{"taxonomy":"product_tag","embeddable":true,"href":"https:\/\/scrub.mx\/index.php?rest_route=%2Fwp%2Fv2%2Fproduct_tag&post=3398"}],"curies":[{"name":"wp","href":"https:\/\/api.w.org\/{rel}","templated":true}]}}