{"id":1427,"date":"2016-03-12T14:29:07","date_gmt":"2016-03-12T14:29:07","guid":{"rendered":"http:\/\/ofertasdefabrica.com\/blog\/?product=adaptador-profesional-14-20-tornillo-del-tripie-a-flash-zapata"},"modified":"2016-03-12T14:29:07","modified_gmt":"2016-03-12T14:29:07","slug":"adaptador-profesional-14-20-tornillo-del-tripie-a-flash-zapata","status":"publish","type":"product","link":"https:\/\/scrub.mx\/?product=adaptador-profesional-14-20-tornillo-del-tripie-a-flash-zapata","title":{"rendered":"Adaptador profesional 1\/4 -20 Tornillo Del Tr\u00edpie A Flash Zapata"},"content":{"rendered":"<p>Tr\u00edpode de 1\/4 \u00abtornillo para zapatos de flash adaptador de montaje<\/p>\n<hr \/>\n<p><span>Presentaciones:<\/span><br \/>Un tornillo resistente y duradero es necesario que su dispositivo digital. \u00bfNecesita un tornillo de alta calidad para arreglar sus diferentes dispositivos digitales juntos? Aqu\u00ed tenemos el placer de recomendar que este tr\u00edpode de 1\/4 \u00abtornillo. Con el material profesional, es super resistente para su uso a largo plazo. Con procesamiento de multa, ser\u00e1 apto para su dispositivo digital tambi\u00e9n. Una peque\u00f1a cosa puede perfeccionar su dispositivo. El valor de este tornillo va mucho m\u00e1s all\u00e1 de su precio! acci\u00f3n es mejor que emoci\u00f3n!<br \/>Este tornillo ser\u00e1 su elecci\u00f3n regretless.<\/p>\n<p><span>Especificaciones:<\/span><br \/>1. Peso: 19,2 g<br \/>2.Color: Negro<br \/>El paquete incluye:<br \/>1 x 1\/4 \u00abtornillo para zapatos de flash adaptador de montaje<\/p>\n","protected":false},"excerpt":{"rendered":"<p>Tr\u00edpode de 1\/4 \u00abtornillo para zapatos de flash adaptador de montaje Presentaciones:Un tornillo resistente y duradero es necesario que su dispositivo digital. \u00bfNecesita un tornillo de alta calidad para arreglar sus diferentes dispositivos digitales juntos? Aqu\u00ed tenemos el placer de recomendar que este tr\u00edpode de 1\/4 \u00abtornillo. Con el material profesional, es super resistente para&#8230;<\/p>\n","protected":false},"featured_media":1426,"template":"","meta":{"_kad_post_transparent":"","_kad_post_title":"","_kad_post_layout":"","_kad_post_sidebar_id":"","_kad_post_content_style":"","_kad_post_vertical_padding":"","_kad_post_feature":"","_kad_post_feature_position":"","_kad_post_header":false,"_kad_post_footer":false,"_kad_post_classname":"","_joinchat":[]},"product_brand":[],"product_cat":[967],"product_tag":[514,916,957],"class_list":{"0":"post-1427","1":"product","2":"type-product","3":"status-publish","4":"has-post-thumbnail","6":"product_cat-foto-y-video","7":"product_tag-fotografia","8":"product_tag-tornillo","9":"product_tag-zapata","11":"first","12":"outofstock","13":"taxable","14":"shipping-taxable","15":"purchasable","16":"product-type-simple","17":"entry","18":"content-bg","19":"loop-entry"},"supplier_id":null,"supplier_sku":"","barcode":null,"atum_controlled":true,"out_stock_date":null,"out_stock_threshold":null,"inheritable":false,"inbound_stock":null,"stock_on_hold":null,"sold_today":null,"sales_last_days":null,"reserved_stock":null,"customer_returns":null,"warehouse_damage":null,"lost_in_post":null,"other_logs":null,"out_stock_days":null,"lost_sales":null,"has_location":null,"update_date":null,"atum_locations":[],"atum_stock_status":"instock","restock_status":false,"low_stock_amount":"","sales_update_date":null,"calc_backorders":null,"yoast_head":"<!-- This site is optimized with the Yoast SEO plugin v27.3 - https:\/\/yoast.com\/product\/yoast-seo-wordpress\/ -->\n<title>Adaptador profesional 1\/4 -20 Tornillo Del Tr\u00edpie A Flash Zapata - Uniformes.info<\/title>\n<meta name=\"robots\" content=\"index, follow, max-snippet:-1, max-image-preview:large, max-video-preview:-1\" \/>\n<link rel=\"canonical\" href=\"https:\/\/scrub.mx\/?product=adaptador-profesional-14-20-tornillo-del-tripie-a-flash-zapata\" \/>\n<meta property=\"og:locale\" content=\"es_ES\" \/>\n<meta property=\"og:type\" content=\"article\" \/>\n<meta property=\"og:title\" content=\"Adaptador profesional 1\/4 -20 Tornillo Del Tr\u00edpie A Flash Zapata - Uniformes.info\" \/>\n<meta property=\"og:description\" content=\"Tr\u00edpode de 1\/4 \u00abtornillo para zapatos de flash adaptador de montaje Presentaciones:Un tornillo resistente y duradero es necesario que su dispositivo digital. \u00bfNecesita un tornillo de alta calidad para arreglar sus diferentes dispositivos digitales juntos? Aqu\u00ed tenemos el placer de recomendar que este tr\u00edpode de 1\/4 \u00abtornillo. Con el material profesional, es super resistente para...\" \/>\n<meta property=\"og:url\" content=\"https:\/\/scrub.mx\/?product=adaptador-profesional-14-20-tornillo-del-tripie-a-flash-zapata\" \/>\n<meta property=\"og:site_name\" content=\"Uniformes.info\" \/>\n<meta name=\"twitter:card\" content=\"summary_large_image\" \/>\n<meta name=\"twitter:label1\" content=\"Tiempo de lectura\" \/>\n\t<meta name=\"twitter:data1\" content=\"1 minuto\" \/>\n<script type=\"application\/ld+json\" class=\"yoast-schema-graph\">{\"@context\":\"https:\\\/\\\/schema.org\",\"@graph\":[{\"@type\":\"WebPage\",\"@id\":\"https:\\\/\\\/scrub.mx\\\/?product=adaptador-profesional-14-20-tornillo-del-tripie-a-flash-zapata\",\"url\":\"https:\\\/\\\/scrub.mx\\\/?product=adaptador-profesional-14-20-tornillo-del-tripie-a-flash-zapata\",\"name\":\"Adaptador profesional 1\\\/4 -20 Tornillo Del Tr\u00edpie A Flash Zapata - Uniformes.info\",\"isPartOf\":{\"@id\":\"https:\\\/\\\/scrub.mx\\\/#website\"},\"primaryImageOfPage\":{\"@id\":\"https:\\\/\\\/scrub.mx\\\/?product=adaptador-profesional-14-20-tornillo-del-tripie-a-flash-zapata#primaryimage\"},\"image\":{\"@id\":\"https:\\\/\\\/scrub.mx\\\/?product=adaptador-profesional-14-20-tornillo-del-tripie-a-flash-zapata#primaryimage\"},\"thumbnailUrl\":\"\",\"datePublished\":\"2016-03-12T14:29:07+00:00\",\"breadcrumb\":{\"@id\":\"https:\\\/\\\/scrub.mx\\\/?product=adaptador-profesional-14-20-tornillo-del-tripie-a-flash-zapata#breadcrumb\"},\"inLanguage\":\"es\",\"potentialAction\":[{\"@type\":\"ReadAction\",\"target\":[\"https:\\\/\\\/scrub.mx\\\/?product=adaptador-profesional-14-20-tornillo-del-tripie-a-flash-zapata\"]}]},{\"@type\":\"ImageObject\",\"inLanguage\":\"es\",\"@id\":\"https:\\\/\\\/scrub.mx\\\/?product=adaptador-profesional-14-20-tornillo-del-tripie-a-flash-zapata#primaryimage\",\"url\":\"\",\"contentUrl\":\"\"},{\"@type\":\"BreadcrumbList\",\"@id\":\"https:\\\/\\\/scrub.mx\\\/?product=adaptador-profesional-14-20-tornillo-del-tripie-a-flash-zapata#breadcrumb\",\"itemListElement\":[{\"@type\":\"ListItem\",\"position\":1,\"name\":\"Portada\",\"item\":\"https:\\\/\\\/scrub.mx\\\/\"},{\"@type\":\"ListItem\",\"position\":2,\"name\":\"Scrub.MX\",\"item\":\"https:\\\/\\\/scrub.mx\\\/\"},{\"@type\":\"ListItem\",\"position\":3,\"name\":\"Adaptador profesional 1\\\/4 -20 Tornillo Del Tr\u00edpie A Flash Zapata\"}]},{\"@type\":\"WebSite\",\"@id\":\"https:\\\/\\\/scrub.mx\\\/#website\",\"url\":\"https:\\\/\\\/scrub.mx\\\/\",\"name\":\"Scrub.MX\",\"description\":\"Bodega de uniformes y accesorios.\",\"publisher\":{\"@id\":\"https:\\\/\\\/scrub.mx\\\/#organization\"},\"potentialAction\":[{\"@type\":\"SearchAction\",\"target\":{\"@type\":\"EntryPoint\",\"urlTemplate\":\"https:\\\/\\\/scrub.mx\\\/?s={search_term_string}\"},\"query-input\":{\"@type\":\"PropertyValueSpecification\",\"valueRequired\":true,\"valueName\":\"search_term_string\"}}],\"inLanguage\":\"es\"},{\"@type\":\"Organization\",\"@id\":\"https:\\\/\\\/scrub.mx\\\/#organization\",\"name\":\"Uniformes.info\",\"url\":\"https:\\\/\\\/scrub.mx\\\/\",\"logo\":{\"@type\":\"ImageObject\",\"inLanguage\":\"es\",\"@id\":\"https:\\\/\\\/scrub.mx\\\/#\\\/schema\\\/logo\\\/image\\\/\",\"url\":\"https:\\\/\\\/i0.wp.com\\\/scrub.mx\\\/wp-content\\\/uploads\\\/2026\\\/02\\\/was-velika.png?fit=156%2C29&ssl=1\",\"contentUrl\":\"https:\\\/\\\/i0.wp.com\\\/scrub.mx\\\/wp-content\\\/uploads\\\/2026\\\/02\\\/was-velika.png?fit=156%2C29&ssl=1\",\"width\":156,\"height\":29,\"caption\":\"Uniformes.info\"},\"image\":{\"@id\":\"https:\\\/\\\/scrub.mx\\\/#\\\/schema\\\/logo\\\/image\\\/\"}}]}<\/script>\n<!-- \/ Yoast SEO plugin. -->","yoast_head_json":{"title":"Adaptador profesional 1\/4 -20 Tornillo Del Tr\u00edpie A Flash Zapata - Uniformes.info","robots":{"index":"index","follow":"follow","max-snippet":"max-snippet:-1","max-image-preview":"max-image-preview:large","max-video-preview":"max-video-preview:-1"},"canonical":"https:\/\/scrub.mx\/?product=adaptador-profesional-14-20-tornillo-del-tripie-a-flash-zapata","og_locale":"es_ES","og_type":"article","og_title":"Adaptador profesional 1\/4 -20 Tornillo Del Tr\u00edpie A Flash Zapata - Uniformes.info","og_description":"Tr\u00edpode de 1\/4 \u00abtornillo para zapatos de flash adaptador de montaje Presentaciones:Un tornillo resistente y duradero es necesario que su dispositivo digital. \u00bfNecesita un tornillo de alta calidad para arreglar sus diferentes dispositivos digitales juntos? Aqu\u00ed tenemos el placer de recomendar que este tr\u00edpode de 1\/4 \u00abtornillo. Con el material profesional, es super resistente para...","og_url":"https:\/\/scrub.mx\/?product=adaptador-profesional-14-20-tornillo-del-tripie-a-flash-zapata","og_site_name":"Uniformes.info","twitter_card":"summary_large_image","twitter_misc":{"Tiempo de lectura":"1 minuto"},"schema":{"@context":"https:\/\/schema.org","@graph":[{"@type":"WebPage","@id":"https:\/\/scrub.mx\/?product=adaptador-profesional-14-20-tornillo-del-tripie-a-flash-zapata","url":"https:\/\/scrub.mx\/?product=adaptador-profesional-14-20-tornillo-del-tripie-a-flash-zapata","name":"Adaptador profesional 1\/4 -20 Tornillo Del Tr\u00edpie A Flash Zapata - Uniformes.info","isPartOf":{"@id":"https:\/\/scrub.mx\/#website"},"primaryImageOfPage":{"@id":"https:\/\/scrub.mx\/?product=adaptador-profesional-14-20-tornillo-del-tripie-a-flash-zapata#primaryimage"},"image":{"@id":"https:\/\/scrub.mx\/?product=adaptador-profesional-14-20-tornillo-del-tripie-a-flash-zapata#primaryimage"},"thumbnailUrl":"","datePublished":"2016-03-12T14:29:07+00:00","breadcrumb":{"@id":"https:\/\/scrub.mx\/?product=adaptador-profesional-14-20-tornillo-del-tripie-a-flash-zapata#breadcrumb"},"inLanguage":"es","potentialAction":[{"@type":"ReadAction","target":["https:\/\/scrub.mx\/?product=adaptador-profesional-14-20-tornillo-del-tripie-a-flash-zapata"]}]},{"@type":"ImageObject","inLanguage":"es","@id":"https:\/\/scrub.mx\/?product=adaptador-profesional-14-20-tornillo-del-tripie-a-flash-zapata#primaryimage","url":"","contentUrl":""},{"@type":"BreadcrumbList","@id":"https:\/\/scrub.mx\/?product=adaptador-profesional-14-20-tornillo-del-tripie-a-flash-zapata#breadcrumb","itemListElement":[{"@type":"ListItem","position":1,"name":"Portada","item":"https:\/\/scrub.mx\/"},{"@type":"ListItem","position":2,"name":"Scrub.MX","item":"https:\/\/scrub.mx\/"},{"@type":"ListItem","position":3,"name":"Adaptador profesional 1\/4 -20 Tornillo Del Tr\u00edpie A Flash Zapata"}]},{"@type":"WebSite","@id":"https:\/\/scrub.mx\/#website","url":"https:\/\/scrub.mx\/","name":"Scrub.MX","description":"Bodega de uniformes y accesorios.","publisher":{"@id":"https:\/\/scrub.mx\/#organization"},"potentialAction":[{"@type":"SearchAction","target":{"@type":"EntryPoint","urlTemplate":"https:\/\/scrub.mx\/?s={search_term_string}"},"query-input":{"@type":"PropertyValueSpecification","valueRequired":true,"valueName":"search_term_string"}}],"inLanguage":"es"},{"@type":"Organization","@id":"https:\/\/scrub.mx\/#organization","name":"Uniformes.info","url":"https:\/\/scrub.mx\/","logo":{"@type":"ImageObject","inLanguage":"es","@id":"https:\/\/scrub.mx\/#\/schema\/logo\/image\/","url":"https:\/\/i0.wp.com\/scrub.mx\/wp-content\/uploads\/2026\/02\/was-velika.png?fit=156%2C29&ssl=1","contentUrl":"https:\/\/i0.wp.com\/scrub.mx\/wp-content\/uploads\/2026\/02\/was-velika.png?fit=156%2C29&ssl=1","width":156,"height":29,"caption":"Uniformes.info"},"image":{"@id":"https:\/\/scrub.mx\/#\/schema\/logo\/image\/"}}]}},"jetpack_sharing_enabled":true,"jetpack-related-posts":[],"_links":{"self":[{"href":"https:\/\/scrub.mx\/index.php?rest_route=\/wp\/v2\/product\/1427","targetHints":{"allow":["GET"]}}],"collection":[{"href":"https:\/\/scrub.mx\/index.php?rest_route=\/wp\/v2\/product"}],"about":[{"href":"https:\/\/scrub.mx\/index.php?rest_route=\/wp\/v2\/types\/product"}],"wp:featuredmedia":[{"embeddable":true,"href":"https:\/\/scrub.mx\/index.php?rest_route=\/"}],"wp:attachment":[{"href":"https:\/\/scrub.mx\/index.php?rest_route=%2Fwp%2Fv2%2Fmedia&parent=1427"}],"wp:term":[{"taxonomy":"product_brand","embeddable":true,"href":"https:\/\/scrub.mx\/index.php?rest_route=%2Fwp%2Fv2%2Fproduct_brand&post=1427"},{"taxonomy":"product_cat","embeddable":true,"href":"https:\/\/scrub.mx\/index.php?rest_route=%2Fwp%2Fv2%2Fproduct_cat&post=1427"},{"taxonomy":"product_tag","embeddable":true,"href":"https:\/\/scrub.mx\/index.php?rest_route=%2Fwp%2Fv2%2Fproduct_tag&post=1427"}],"curies":[{"name":"wp","href":"https:\/\/api.w.org\/{rel}","templated":true}]}}